{"id":5,"date":"2021-06-27T07:44:50","date_gmt":"2021-06-27T05:44:50","guid":{"rendered":"https:\/\/gaillandconstruction.ch\/?page_id=5"},"modified":"2021-10-06T11:44:22","modified_gmt":"2021-10-06T09:44:22","slug":"gailland-sa","status":"publish","type":"page","link":"https:\/\/www.gaillandsa.ch\/en\/","title":{"rendered":"Gailland SA"},"content":{"rendered":"<h2 class=\"wp-block-heading\">Your landscaper in Le Ch\u00e2ble and Verbier since 1949.<\/h2>\n\n\n\n<figure class=\"wp-block-image size-large\"><img loading=\"lazy\" decoding=\"async\" width=\"1024\" height=\"768\" src=\"https:\/\/gaillandconstruction.ch\/wp-content\/uploads\/2021\/06\/Am.ext_.20.jpg\" alt=\"\" class=\"wp-image-10\" srcset=\"https:\/\/www.gaillandsa.ch\/wp-content\/uploads\/2021\/06\/Am.ext_.20.jpg 1024w, https:\/\/www.gaillandsa.ch\/wp-content\/uploads\/2021\/06\/Am.ext_.20-300x225.jpg 300w, https:\/\/www.gaillandsa.ch\/wp-content\/uploads\/2021\/06\/Am.ext_.20-768x576.jpg 768w\" sizes=\"auto, (max-width: 1024px) 100vw, 1024px\" \/><\/figure>\n\n\n\n<p>Gailland SA - Le Ch\u00e2ble - Verbier specialises in landscaping, i.e. in design, outdoor development work and garden maintenance.<\/p>\n\n\n\n<p>Gailland SA also deals with civil engineering and various building works.<\/p>\n\n\n\n<p>A well-equipped machine park allows the team of landscapers to carry out all kinds of work in these fields.<\/p>\n\n\n\n<p>Based in Le Ch\u00e2ble near Verbier, the company was founded in 1949 by Marcel and Ang\u00e8le Gailland and became a public company in 1988.<\/p>\n\n\n\n<p>Until 2010, Gailland SA was run by Norbert Luisier and Fr\u00e9d\u00e9ric Giroud. Since 2011, it has been run by Fr\u00e9d\u00e9ric Giroud and Dany Giroud.<\/p>\n\n\n\n<div class=\"wp-block-buttons is-layout-flex wp-block-buttons-is-layout-flex\">\n<div class=\"wp-block-button is-style-fill\"><a class=\"wp-block-button__link\" href=\"\/en\/contact\/\">Contact us<\/a><\/div>\n<\/div>\n\n\n\n<div class=\"wp-block-group\"><div class=\"wp-block-group__inner-container is-layout-flow wp-block-group-is-layout-flow\">\n<div class=\"wp-block-columns is-layout-flex wp-container-core-columns-is-layout-9d6595d7 wp-block-columns-is-layout-flex\"><\/div>\n<\/div><\/div>","protected":false},"excerpt":{"rendered":"<p>Votre paysagiste au Ch\u00e2ble et \u00e0 Verbier depuis 1949. L&rsquo;entreprise Gailland SA &#8211; Le Ch\u00e2ble &#8211; Verbier est sp\u00e9cialis\u00e9e en paysagisme, c&rsquo;est-\u00e0-dire dans la cr\u00e9ation, les am\u00e9nagements ext\u00e9rieurs et l\u2019entretien de jardin. Gailland SA s&rsquo;occupe \u00e9galement de g\u00e9nie civil ainsi que de divers travaux de ma\u00e7onnerie. Un parc de machines bien \u00e9quip\u00e9 permet \u00e0 l&rsquo;\u00e9quipe [&hellip;]<\/p>\n","protected":false},"author":1,"featured_media":0,"parent":0,"menu_order":0,"comment_status":"closed","ping_status":"closed","template":"","meta":{"footnotes":""},"class_list":["post-5","page","type-page","status-publish","hentry"],"_links":{"self":[{"href":"https:\/\/www.gaillandsa.ch\/en\/wp-json\/wp\/v2\/pages\/5","targetHints":{"allow":["GET"]}}],"collection":[{"href":"https:\/\/www.gaillandsa.ch\/en\/wp-json\/wp\/v2\/pages"}],"about":[{"href":"https:\/\/www.gaillandsa.ch\/en\/wp-json\/wp\/v2\/types\/page"}],"author":[{"embeddable":true,"href":"https:\/\/www.gaillandsa.ch\/en\/wp-json\/wp\/v2\/users\/1"}],"replies":[{"embeddable":true,"href":"https:\/\/www.gaillandsa.ch\/en\/wp-json\/wp\/v2\/comments?post=5"}],"version-history":[{"count":10,"href":"https:\/\/www.gaillandsa.ch\/en\/wp-json\/wp\/v2\/pages\/5\/revisions"}],"predecessor-version":[{"id":69,"href":"https:\/\/www.gaillandsa.ch\/en\/wp-json\/wp\/v2\/pages\/5\/revisions\/69"}],"wp:attachment":[{"href":"https:\/\/www.gaillandsa.ch\/en\/wp-json\/wp\/v2\/media?parent=5"}],"curies":[{"name":"wp","href":"https:\/\/api.w.org\/{rel}","templated":true}]}}