{"id":9,"date":"2021-06-27T07:51:29","date_gmt":"2021-06-27T05:51:29","guid":{"rendered":"https:\/\/gaillandconstruction.ch\/?page_id=9"},"modified":"2021-10-06T13:21:11","modified_gmt":"2021-10-06T11:21:11","slug":"amenagements-exterieurs","status":"publish","type":"page","link":"https:\/\/www.gaillandsa.ch\/en\/amenagements-exterieurs\/","title":{"rendered":"Outdoor development work"},"content":{"rendered":"<h1 class=\"wp-block-heading\">Outdoor development work<\/h1>\n\n\n\n<p>Gailland SA will create your garden in the Bas-Valais and the centre !<\/p>\n\n\n\n<figure class=\"wp-block-image size-large\"><img loading=\"lazy\" decoding=\"async\" width=\"1024\" height=\"768\" src=\"https:\/\/gaillandconstruction.ch\/wp-content\/uploads\/2021\/06\/Am.ext_.20.jpg\" alt=\"\" class=\"wp-image-10\" srcset=\"https:\/\/www.gaillandsa.ch\/wp-content\/uploads\/2021\/06\/Am.ext_.20.jpg 1024w, https:\/\/www.gaillandsa.ch\/wp-content\/uploads\/2021\/06\/Am.ext_.20-300x225.jpg 300w, https:\/\/www.gaillandsa.ch\/wp-content\/uploads\/2021\/06\/Am.ext_.20-768x576.jpg 768w\" sizes=\"auto, (max-width: 1024px) 100vw, 1024px\" \/><\/figure>\n\n\n\n<h3 class=\"wp-block-heading\">Paving, terraces, fences and plant beds<\/h3>\n\n\n\n<p>Based in Le Ch\u00e2ble, near Verbier, Gailland SA will manage any landscaping work: from rock fill to plant beds including the use of natural stone. Garden fireplaces and pond management are also part of the landscapers' range.\u00a0<\/p>\n\n\n\n<p>Ask for a free estimate with no obligation from Gailland SA.<\/p>\n\n\n\n<div class=\"wp-block-buttons is-layout-flex wp-block-buttons-is-layout-flex\">\n<div class=\"wp-block-button\"><a class=\"wp-block-button__link\" href=\"\/en\/contact\/\">Contact us<\/a><\/div>\n<\/div>\n\n\n\n<h3 class=\"wp-block-heading\">Outdoor development work :<\/h3>\n\n\n\n<ul class=\"wp-block-list\"><li>Creation of a communal, joint ownership or private garden<\/li><li>Resurfacing in natural stone (flagstones, paving, steps and walls)<\/li><li>Rock fillings and various retaining walls<\/li><li>Table, bench and fountain in natural stone<\/li><li>Garden fireplaces<\/li><li>Construction of streams and ponds<\/li><li>Fences and gates in all shapes and materials<\/li><li>Survey and creation of automatic or manual watering systems<\/li><li>Installation of automatic barriers<\/li><li>Recreational and sporting areas<\/li><li>Maintenance of green spaces<\/li><li>Planting of trees, shrubs and rock gardens<\/li><li>Planters<\/li><li>Installation of prefabricated garages<\/li><li>Decorative and retaining gabions<\/li><\/ul>","protected":false},"excerpt":{"rendered":"<p>Am\u00e9nagements ext\u00e9rieurs Gailland SA cr\u00e9e votre jardin dans le Bas-Valais et le centre ! Dallages, terrasses, barri\u00e8res et plantations Bas\u00e9e au Ch\u00e2ble, pr\u00e8s de Verbier, l&rsquo;entreprise Gailland SA prend en charge tous les travaux de paysagisme : de l&rsquo;enrochement \u00e0 la plantation en passant par la pierre naturelle. Les chemin\u00e9es de jardin et l&rsquo;am\u00e9nagement d&rsquo;\u00e9tang [&hellip;]<\/p>\n","protected":false},"author":1,"featured_media":0,"parent":0,"menu_order":0,"comment_status":"closed","ping_status":"closed","template":"","meta":{"footnotes":""},"class_list":["post-9","page","type-page","status-publish","hentry"],"_links":{"self":[{"href":"https:\/\/www.gaillandsa.ch\/en\/wp-json\/wp\/v2\/pages\/9","targetHints":{"allow":["GET"]}}],"collection":[{"href":"https:\/\/www.gaillandsa.ch\/en\/wp-json\/wp\/v2\/pages"}],"about":[{"href":"https:\/\/www.gaillandsa.ch\/en\/wp-json\/wp\/v2\/types\/page"}],"author":[{"embeddable":true,"href":"https:\/\/www.gaillandsa.ch\/en\/wp-json\/wp\/v2\/users\/1"}],"replies":[{"embeddable":true,"href":"https:\/\/www.gaillandsa.ch\/en\/wp-json\/wp\/v2\/comments?post=9"}],"version-history":[{"count":6,"href":"https:\/\/www.gaillandsa.ch\/en\/wp-json\/wp\/v2\/pages\/9\/revisions"}],"predecessor-version":[{"id":90,"href":"https:\/\/www.gaillandsa.ch\/en\/wp-json\/wp\/v2\/pages\/9\/revisions\/90"}],"wp:attachment":[{"href":"https:\/\/www.gaillandsa.ch\/en\/wp-json\/wp\/v2\/media?parent=9"}],"curies":[{"name":"wp","href":"https:\/\/api.w.org\/{rel}","templated":true}]}}